{"id":2065,"date":"2025-08-12T06:21:34","date_gmt":"2025-08-12T04:21:34","guid":{"rendered":"https:\/\/uat.the-loge.com\/termini-e-condizioni\/"},"modified":"2026-01-03T16:31:01","modified_gmt":"2026-01-03T15:31:01","slug":"terms-conditions","status":"publish","type":"page","link":"https:\/\/uat.the-loge.com\/it\/terms-conditions\/","title":{"rendered":"Termini e condizioni"},"content":{"rendered":"\t\t<div data-elementor-type=\"wp-page\" data-elementor-id=\"2065\" class=\"elementor elementor-2065 elementor-1372\" data-elementor-post-type=\"page\">\n\t\t\t\t<div class=\"elementor-element elementor-element-6197219 e-flex e-con-boxed e-con e-parent\" data-id=\"6197219\" data-element_type=\"container\" data-settings=\"{&quot;background_background&quot;:&quot;classic&quot;}\">\n\t\t\t\t\t<div class=\"e-con-inner\">\n\t\t\t\t<div class=\"elementor-element elementor-element-6df0638 elementor-widget elementor-widget-heading\" data-id=\"6df0638\" data-element_type=\"widget\" data-widget_type=\"heading.default\">\n\t\t\t\t<div class=\"elementor-widget-container\">\n\t\t\t\t\t<h2 class=\"elementor-heading-title elementor-size-default\">TERMINI E CONDIZIONI<\/h2>\t\t\t\t<\/div>\n\t\t\t\t<\/div>\n\t\t\t\t\t<\/div>\n\t\t\t\t<\/div>\n\t\t<div class=\"elementor-element elementor-element-b8548c1 section_px_10px e-flex e-con-boxed e-con e-parent\" data-id=\"b8548c1\" data-element_type=\"container\">\n\t\t\t\t\t<div class=\"e-con-inner\">\n\t\t\t\t<div class=\"elementor-element elementor-element-3d681dd elementor-widget elementor-widget-text-editor\" data-id=\"3d681dd\" data-element_type=\"widget\" data-widget_type=\"text-editor.default\">\n\t\t\t\t<div class=\"elementor-widget-container\">\n\t\t\t\t\t\t\t\t\t<p>Ultimo aggiornamento: 24 luglio 2025<\/p><p>Si prega di leggere attentamente questi termini e condizioni prima di utilizzare il Nostro Servizio.<\/p><h4>Interpretazione e definizioni<\/h4><h5>Interpretazione<\/h5><p>Le parole la cui lettera iniziale \u00e8 maiuscola hanno significati definiti nelle seguenti condizioni. Le seguenti definizioni avranno lo stesso significato indipendentemente dal fatto che appaiano al singolare o al plurale.<\/p><h5>Definizioni<\/h5><p>Le parole la cui lettera iniziale \u00e8 maiuscola hanno significati definiti nelle seguenti condizioni. Le seguenti definizioni avranno lo stesso significato indipendentemente dal fatto che appaiano al singolare o al plurale.<\/p><h4>DIRITTO D&#8217;AUTORE<\/h4><p>Tutti i contenuti di questo sito web sono protetti da diritto d&#8217;autore e destinati esclusivamente all&#8217;uso personale. Tutti i diritti, inclusi i diritti di riproduzione, distribuzione e traduzione, sono riservati. Qualsiasi utilizzo dei contenuti di questo sito web che violi le disposizioni della legge sul diritto d&#8217;autore senza il previo consenso espresso del titolare dei diritti \u00e8 vietato.<\/p><h4>ESONERO DI RESPONSABILIT\u00c0<\/h4><p>Le informazioni fornite su questo sito web sono state attentamente verificate. Tuttavia, non si assume alcuna responsabilit\u00e0 per la completa accuratezza di tutte le informazioni. Le informazioni presenti sul sito web non possono e non devono sostituire una consulenza legale individuale. Non si assume alcuna responsabilit\u00e0 per i contenuti di terze parti, in particolare per il contenuto di post di terze parti e siti web collegati.<\/p><h4>NOTA SUL GENERE<\/h4><p>Per migliorare la leggibilit\u00e0 dei testi sul nostro sito web, abbiamo scelto di utilizzare la forma maschile o femminile di alcuni termini. Ci\u00f2 non implica in alcun modo discriminazione nei confronti dell&#8217;altro genere. Vogliamo che il contenuto sia ugualmente rilevante sia per le donne che per gli uomini.<\/p><h4>GOOGLE ANALYTICS<\/h4><p>Questo sito web utilizza Google Analytics, un servizio di analisi web fornito da Google Inc. (\u201cGoogle\u201d). Google Analytics utilizza i \u201ccookie\u201d, che sono file di testo che vengono memorizzati sul vostro computer, per aiutare il sito web ad analizzare come gli utenti utilizzano il sito. Le informazioni generate dal cookie riguardo al vostro utilizzo del sito web vengono solitamente trasferite a un server di Google negli USA e l\u00ec memorizzate. Tuttavia, se l&#8217;anonimizzazione dell&#8217;IP \u00e8 attivata su questo sito web, Google abbrevier\u00e0 in anticipo il vostro indirizzo IP all&#8217;interno degli stati membri dell&#8217;Unione Europea o in altri stati parte dell&#8217;Accordo sullo Spazio Economico Europeo. Solo in casi eccezionali l&#8217;indirizzo IP completo verr\u00e0 trasmesso a un server di Google negli USA e l\u00ec abbreviato. Per conto dell&#8217;operatore di questo sito web, Google utilizzer\u00e0 queste informazioni per valutare il vostro utilizzo del sito web, per compilare rapporti sull&#8217;attivit\u00e0 del sito web e per fornire all&#8217;operatore del sito web altri servizi relativi all&#8217;attivit\u00e0 del sito web e all&#8217;utilizzo di internet. L&#8217;indirizzo IP trasmesso dal vostro browser nell&#8217;ambito di Google Analytics non verr\u00e0 unito ad altri dati di Google. Potete impedire il salvataggio dei cookie impostando il vostro software del browser di conseguenza; tuttavia, desideriamo sottolineare che in questo caso potreste non essere in grado di utilizzare tutte le funzioni di questo sito web nella loro piena estensione. Potete anche impedire a Google di raccogliere i dati generati dal cookie e relativi al vostro utilizzo del sito web (incluso il vostro indirizzo IP) e di elaborare questi dati scaricando e installando il plug-in del browser disponibile al seguente link: http:\/\/tools.google.com\/dlpage\/gaoptout Ulteriori informazioni sui termini di utilizzo e sulla protezione dei dati sono disponibili nei termini e condizioni di Google Analytics o nella panoramica di Google Analytics. Desideriamo sottolineare che su questo sito web Google Analytics \u00e8 stato esteso dal codice \u201cgat._anonymizeIp();\u201d al fine di garantire la raccolta anonima degli indirizzi IP (cosiddetto mascheramento IP).<\/p>\t\t\t\t\t\t\t\t<\/div>\n\t\t\t\t<\/div>\n\t\t\t\t\t<\/div>\n\t\t\t\t<\/div>\n\t\t\t\t<\/div>\n\t\t","protected":false},"excerpt":{"rendered":"<p>TERMINI E CONDIZIONI Ultimo aggiornamento: 24 luglio 2025 Si prega di leggere attentamente questi termini e condizioni prima di utilizzare [&hellip;]<\/p>\n","protected":false},"author":1,"featured_media":0,"parent":0,"menu_order":0,"comment_status":"closed","ping_status":"closed","template":"elementor_header_footer","meta":{"inline_featured_image":false,"site-sidebar-layout":"no-sidebar","site-content-layout":"","ast-site-content-layout":"full-width-container","site-content-style":"default","site-sidebar-style":"default","ast-global-header-display":"","ast-banner-title-visibility":"","ast-main-header-display":"","ast-hfb-above-header-display":"","ast-hfb-below-header-display":"","ast-hfb-mobile-header-display":"","site-post-title":"","ast-breadcrumbs-content":"","ast-featured-img":"disabled","footer-sml-layout":"","ast-disable-related-posts":"","theme-transparent-header-meta":"","adv-header-id-meta":"","stick-header-meta":"","header-above-stick-meta":"","header-main-stick-meta":"","header-below-stick-meta":"","astra-migrate-meta-layouts":"set","ast-page-background-enabled":"default","ast-page-background-meta":{"desktop":{"background-color":"var(--ast-global-color-4)","background-image":"","background-repeat":"repeat","background-position":"center center","background-size":"auto","background-attachment":"scroll","background-type":"","background-media":"","overlay-type":"","overlay-color":"","overlay-opacity":"","overlay-gradient":""},"tablet":{"background-color":"","background-image":"","background-repeat":"repeat","background-position":"center center","background-size":"auto","background-attachment":"scroll","background-type":"","background-media":"","overlay-type":"","overlay-color":"","overlay-opacity":"","overlay-gradient":""},"mobile":{"background-color":"","background-image":"","background-repeat":"repeat","background-position":"center center","background-size":"auto","background-attachment":"scroll","background-type":"","background-media":"","overlay-type":"","overlay-color":"","overlay-opacity":"","overlay-gradient":""}},"ast-content-background-meta":{"desktop":{"background-color":"var(--ast-global-color-5)","background-image":"","background-repeat":"repeat","background-position":"center center","background-size":"auto","background-attachment":"scroll","background-type":"","background-media":"","overlay-type":"","overlay-color":"","overlay-opacity":"","overlay-gradient":""},"tablet":{"background-color":"var(--ast-global-color-5)","background-image":"","background-repeat":"repeat","background-position":"center center","background-size":"auto","background-attachment":"scroll","background-type":"","background-media":"","overlay-type":"","overlay-color":"","overlay-opacity":"","overlay-gradient":""},"mobile":{"background-color":"var(--ast-global-color-5)","background-image":"","background-repeat":"repeat","background-position":"center center","background-size":"auto","background-attachment":"scroll","background-type":"","background-media":"","overlay-type":"","overlay-color":"","overlay-opacity":"","overlay-gradient":""}},"footnotes":""},"class_list":["post-2065","page","type-page","status-publish","hentry"],"yoast_head":"<!-- This site is optimized with the Yoast SEO plugin v26.6 - https:\/\/yoast.com\/wordpress\/plugins\/seo\/ -->\n<title>Termini e condizioni - The Loge<\/title>\n<meta name=\"robots\" content=\"noindex, follow, max-snippet:-1, max-image-preview:large, max-video-preview:-1\" \/>\n<meta property=\"og:locale\" content=\"it_IT\" \/>\n<meta property=\"og:type\" content=\"article\" \/>\n<meta property=\"og:title\" content=\"Termini e condizioni - The Loge\" \/>\n<meta property=\"og:description\" content=\"TERMINI E CONDIZIONI Ultimo aggiornamento: 24 luglio 2025 Si prega di leggere attentamente questi termini e condizioni prima di utilizzare [&hellip;]\" \/>\n<meta property=\"og:url\" content=\"https:\/\/uat.the-loge.com\/terms-conditions\/\" \/>\n<meta property=\"og:site_name\" content=\"The Loge\" \/>\n<meta property=\"article:modified_time\" content=\"2026-01-03T15:31:01+00:00\" \/>\n<meta name=\"twitter:card\" content=\"summary_large_image\" \/>\n<meta name=\"twitter:label1\" content=\"Est. reading time\" \/>\n\t<meta name=\"twitter:data1\" content=\"3 minutes\" \/>\n<script type=\"application\/ld+json\" class=\"yoast-schema-graph\">{\"@context\":\"https:\/\/schema.org\",\"@graph\":[{\"@type\":\"WebPage\",\"@id\":\"https:\/\/uat.the-loge.com\/terms-conditions\/\",\"url\":\"https:\/\/uat.the-loge.com\/terms-conditions\/\",\"name\":\"Termini e condizioni - The Loge\",\"isPartOf\":{\"@id\":\"https:\/\/uat.the-loge.com\/#website\"},\"datePublished\":\"2025-08-12T04:21:34+00:00\",\"dateModified\":\"2026-01-03T15:31:01+00:00\",\"breadcrumb\":{\"@id\":\"https:\/\/uat.the-loge.com\/terms-conditions\/#breadcrumb\"},\"inLanguage\":\"it-IT\",\"potentialAction\":[{\"@type\":\"ReadAction\",\"target\":[\"https:\/\/uat.the-loge.com\/terms-conditions\/\"]}]},{\"@type\":\"BreadcrumbList\",\"@id\":\"https:\/\/uat.the-loge.com\/terms-conditions\/#breadcrumb\",\"itemListElement\":[{\"@type\":\"ListItem\",\"position\":1,\"name\":\"Home\",\"item\":\"https:\/\/uat.the-loge.com\/it\/\"},{\"@type\":\"ListItem\",\"position\":2,\"name\":\"Termini e condizioni\"}]},{\"@type\":\"WebSite\",\"@id\":\"https:\/\/uat.the-loge.com\/#website\",\"url\":\"https:\/\/uat.the-loge.com\/\",\"name\":\"The Loge\",\"description\":\"exclusive business &amp; lifestyle network\",\"publisher\":{\"@id\":\"https:\/\/uat.the-loge.com\/#organization\"},\"potentialAction\":[{\"@type\":\"SearchAction\",\"target\":{\"@type\":\"EntryPoint\",\"urlTemplate\":\"https:\/\/uat.the-loge.com\/?s={search_term_string}\"},\"query-input\":{\"@type\":\"PropertyValueSpecification\",\"valueRequired\":true,\"valueName\":\"search_term_string\"}}],\"inLanguage\":\"it-IT\"},{\"@type\":\"Organization\",\"@id\":\"https:\/\/uat.the-loge.com\/#organization\",\"name\":\"The Loge\",\"url\":\"https:\/\/uat.the-loge.com\/\",\"logo\":{\"@type\":\"ImageObject\",\"inLanguage\":\"it-IT\",\"@id\":\"https:\/\/uat.the-loge.com\/#\/schema\/logo\/image\/\",\"url\":\"https:\/\/uat.the-loge.com\/wp-content\/uploads\/2025\/08\/nav_logo.svg\",\"contentUrl\":\"https:\/\/uat.the-loge.com\/wp-content\/uploads\/2025\/08\/nav_logo.svg\",\"width\":110,\"height\":22,\"caption\":\"The Loge\"},\"image\":{\"@id\":\"https:\/\/uat.the-loge.com\/#\/schema\/logo\/image\/\"}}]}<\/script>\n<!-- \/ Yoast SEO plugin. -->","yoast_head_json":{"title":"Termini e condizioni - The Loge","robots":{"index":"noindex","follow":"follow","max-snippet":"max-snippet:-1","max-image-preview":"max-image-preview:large","max-video-preview":"max-video-preview:-1"},"og_locale":"it_IT","og_type":"article","og_title":"Termini e condizioni - The Loge","og_description":"TERMINI E CONDIZIONI Ultimo aggiornamento: 24 luglio 2025 Si prega di leggere attentamente questi termini e condizioni prima di utilizzare [&hellip;]","og_url":"https:\/\/uat.the-loge.com\/terms-conditions\/","og_site_name":"The Loge","article_modified_time":"2026-01-03T15:31:01+00:00","twitter_card":"summary_large_image","twitter_misc":{"Est. reading time":"3 minutes"},"schema":{"@context":"https:\/\/schema.org","@graph":[{"@type":"WebPage","@id":"https:\/\/uat.the-loge.com\/terms-conditions\/","url":"https:\/\/uat.the-loge.com\/terms-conditions\/","name":"Termini e condizioni - The Loge","isPartOf":{"@id":"https:\/\/uat.the-loge.com\/#website"},"datePublished":"2025-08-12T04:21:34+00:00","dateModified":"2026-01-03T15:31:01+00:00","breadcrumb":{"@id":"https:\/\/uat.the-loge.com\/terms-conditions\/#breadcrumb"},"inLanguage":"it-IT","potentialAction":[{"@type":"ReadAction","target":["https:\/\/uat.the-loge.com\/terms-conditions\/"]}]},{"@type":"BreadcrumbList","@id":"https:\/\/uat.the-loge.com\/terms-conditions\/#breadcrumb","itemListElement":[{"@type":"ListItem","position":1,"name":"Home","item":"https:\/\/uat.the-loge.com\/it\/"},{"@type":"ListItem","position":2,"name":"Termini e condizioni"}]},{"@type":"WebSite","@id":"https:\/\/uat.the-loge.com\/#website","url":"https:\/\/uat.the-loge.com\/","name":"The Loge","description":"exclusive business &amp; lifestyle network","publisher":{"@id":"https:\/\/uat.the-loge.com\/#organization"},"potentialAction":[{"@type":"SearchAction","target":{"@type":"EntryPoint","urlTemplate":"https:\/\/uat.the-loge.com\/?s={search_term_string}"},"query-input":{"@type":"PropertyValueSpecification","valueRequired":true,"valueName":"search_term_string"}}],"inLanguage":"it-IT"},{"@type":"Organization","@id":"https:\/\/uat.the-loge.com\/#organization","name":"The Loge","url":"https:\/\/uat.the-loge.com\/","logo":{"@type":"ImageObject","inLanguage":"it-IT","@id":"https:\/\/uat.the-loge.com\/#\/schema\/logo\/image\/","url":"https:\/\/uat.the-loge.com\/wp-content\/uploads\/2025\/08\/nav_logo.svg","contentUrl":"https:\/\/uat.the-loge.com\/wp-content\/uploads\/2025\/08\/nav_logo.svg","width":110,"height":22,"caption":"The Loge"},"image":{"@id":"https:\/\/uat.the-loge.com\/#\/schema\/logo\/image\/"}}]}},"_links":{"self":[{"href":"https:\/\/uat.the-loge.com\/it\/wp-json\/wp\/v2\/pages\/2065","targetHints":{"allow":["GET"]}}],"collection":[{"href":"https:\/\/uat.the-loge.com\/it\/wp-json\/wp\/v2\/pages"}],"about":[{"href":"https:\/\/uat.the-loge.com\/it\/wp-json\/wp\/v2\/types\/page"}],"author":[{"embeddable":true,"href":"https:\/\/uat.the-loge.com\/it\/wp-json\/wp\/v2\/users\/1"}],"replies":[{"embeddable":true,"href":"https:\/\/uat.the-loge.com\/it\/wp-json\/wp\/v2\/comments?post=2065"}],"version-history":[{"count":0,"href":"https:\/\/uat.the-loge.com\/it\/wp-json\/wp\/v2\/pages\/2065\/revisions"}],"wp:attachment":[{"href":"https:\/\/uat.the-loge.com\/it\/wp-json\/wp\/v2\/media?parent=2065"}],"curies":[{"name":"wp","href":"https:\/\/api.w.org\/{rel}","templated":true}]}}